{"id":1684,"date":"2025-08-13T10:15:12","date_gmt":"2025-08-13T10:15:12","guid":{"rendered":"https:\/\/rn-schweisstechnik.de\/?page_id=1684"},"modified":"2025-11-28T07:56:46","modified_gmt":"2025-11-28T07:56:46","slug":"about","status":"publish","type":"page","link":"https:\/\/rn-schweisstechnik.de\/?page_id=1684","title":{"rendered":"About"},"content":{"rendered":"\n<div class=\"wp-block-uagb-container uagb-block-7bfd5c43 alignfull uagb-is-root-container\"><div class=\"uagb-container-inner-blocks-wrap\">\n<div class=\"wp-block-uagb-advanced-heading uagb-block-4ab1f950\"><h1 class=\"uagb-heading-text\">\u00dcber UNS<\/h1><\/div>\n<\/div><\/div>\n\n\n\n<div style=\"height:0px\" aria-hidden=\"true\" class=\"wp-block-spacer\"><\/div>\n\n\n\n<div class=\"wp-block-uagb-container uagb-block-f1e884c2 alignfull uagb-is-root-container\"><div class=\"uagb-container-inner-blocks-wrap\">\n<h4 class=\"wp-block-heading\" style=\"border-style:none;border-width:0px\">Das sind wir<\/h4>\n\n\n\n<figure class=\"wp-block-video\"><video controls poster=\"https:\/\/rn-schweisstechnik.de\/wp-content\/uploads\/2025\/11\/start_video.jpg\" src=\"https:\/\/rn-schweisstechnik.de\/wp-content\/uploads\/2025\/08\/r_n.mp4\"><\/video><\/figure>\n\n\n\n<div class=\"wp-block-uagb-separator uagb-block-9ea23df2\"><div class=\"uagb-separator-spacing-wrapper\"><div class=\"wp-block-uagb-separator__inner\" style=\"--my-background-image:\"><\/div><\/div><\/div>\n<\/div><\/div>\n\n\n\n<div class=\"wp-block-uagb-advanced-heading uagb-block-c8435f0a\"><h2 class=\"uagb-heading-text\">Ihre Ansprechpartner<\/h2><\/div>\n\n\n\n<div style=\"height:20px\" aria-hidden=\"true\" class=\"wp-block-spacer\"><\/div>\n\n\n\n<div class=\"wp-block-uagb-container uagb-block-55d84f06 alignfull uagb-is-root-container\"><div class=\"uagb-container-inner-blocks-wrap\">\n<div class=\"wp-block-uagb-container uagb-block-6d85c4cb\">\n<div class=\"wp-block-uagb-team uagb-team__image-position-above uagb-team__align-center uagb-team__stack-tablet uagb-block-4ba639c7\"><div class=\"uagb-team__content\"><img decoding=\"async\" class=\"uagb-team__image-crop-square\" src=\"https:\/\/rn-schweisstechnik.de\/wp-content\/uploads\/2025\/11\/chef.jpg\" alt=\"chef\" height=\"250\" width=\"250\" loading=\"lazy\"\/><h3 class=\"uagb-team__title\">Michael Schmidt<\/h3><span class=\"uagb-team__prefix\"><strong>Gesch\u00e4ftsf\u00fchrer<\/strong><\/span><p class=\"uagb-team__desc\">Tel.: +49 90 74 \/ 61 71<\/p><\/div><\/div>\n<\/div>\n\n\n\n<div class=\"wp-block-uagb-container uagb-block-123fdc7b\">\n<div class=\"wp-block-uagb-team uagb-team__image-position-above uagb-team__align-center uagb-team__stack-tablet uagb-block-566149f6\"><div class=\"uagb-team__content\"><img decoding=\"async\" class=\"uagb-team__image-crop-normal\" src=\"https:\/\/rn-schweisstechnik.de\/wp-content\/uploads\/2025\/11\/mirona.jpg\" alt=\"mirona\" height=\"250\" width=\"250\" loading=\"lazy\"\/><h3 class=\"uagb-team__title\">Mirona Kapfer Filus<\/h3><span class=\"uagb-team__prefix\"><strong>Innendienst\/Sachbearbeitung<\/strong><\/span><p class=\"uagb-team__desc\">Tel.: +49 90 74 \/ 61 71<\/p><\/div><\/div>\n<\/div>\n\n\n\n<div class=\"wp-block-uagb-container uagb-block-773af110\">\n<div class=\"wp-block-uagb-team uagb-team__image-position-above uagb-team__align-center uagb-team__stack-tablet uagb-block-02b8ead8\"><div class=\"uagb-team__content\"><img decoding=\"async\" class=\"uagb-team__image-crop-normal\" src=\"https:\/\/rn-schweisstechnik.de\/wp-content\/uploads\/2025\/11\/petra.jpg\" alt=\"petra\" height=\"250\" width=\"250\" loading=\"lazy\"\/><h3 class=\"uagb-team__title\">Petra Kuhn<\/h3><span class=\"uagb-team__prefix\"><strong><strong>Innendienst\/Sachbearbeitung<\/strong><\/strong><\/span><p class=\"uagb-team__desc\">Tel.: +49 90 74 \/ 61 71<\/p><\/div><\/div>\n<\/div>\n<\/div><\/div>\n\n\n\n<div class=\"wp-block-uagb-separator uagb-block-a15537a9\"><div class=\"wp-block-uagb-separator__inner\" style=\"--my-background-image:\"><\/div><\/div>\n\n\n\n<div class=\"wp-block-uagb-container uagb-block-68dd040f alignfull uagb-is-root-container\"><div class=\"uagb-container-inner-blocks-wrap\">\n<div class=\"wp-block-uagb-container uagb-block-8f74be45\">\n<div class=\"wp-block-uagb-container uagb-block-99cf6fe5\">\n<div class=\"wp-block-uagb-image alignleft uagb-block-c936db93 wp-block-uagb-image--layout-default wp-block-uagb-image--effect-static wp-block-uagb-image--align-left\"><figure class=\"wp-block-uagb-image__figure\"><img decoding=\"async\" srcset=\"https:\/\/rn-schweisstechnik.de\/wp-content\/uploads\/2025\/11\/stimmung3.jpg ,https:\/\/rn-schweisstechnik.de\/wp-content\/uploads\/2025\/11\/stimmung3.jpg 780w, https:\/\/rn-schweisstechnik.de\/wp-content\/uploads\/2025\/11\/stimmung3.jpg 360w\" sizes=\"auto, (max-width: 480px) 150px\" src=\"https:\/\/rn-schweisstechnik.de\/wp-content\/uploads\/2025\/11\/stimmung3.jpg\" alt=\"stimmung3\" class=\"uag-image-1965\" width=\"625\" height=\"1112\" title=\"stimmung3\" loading=\"lazy\" role=\"img\"\/><\/figure><\/div>\n<\/div>\n\n\n\n<div class=\"wp-block-uagb-container uagb-block-66f35fbd\">\n<div class=\"wp-block-uagb-advanced-heading uagb-block-e1cfdd44\"><h2 class=\"uagb-heading-text\">Unsere Geschichte und unser Engagement f\u00fcr Qualit\u00e4t in der Schwei\u00dftechnik<\/h2><\/div>\n\n\n\n<div class=\"wp-block-uagb-advanced-heading uagb-block-a4cfdce0\"><p class=\"uagb-heading-text\">Die Firma R&amp;N Schwei\u00dftechnik Georg Kapfer KG ist ein Handelsunternehmen und wurde 1997 von Herrn Georg Kapfer gegr\u00fcndet. &nbsp;Zum Januar 2025 wurde dieses Unternehmen von Herrn Michael Schmidt \u00fcbernommen.<br><br>Mit hochwertigen Produkten, kontinuierlicher Entwicklung, kundenfreundlichem Service und technischem Know-How genie\u00dfen wir einen ausgezeichneten Ruf als zuverl\u00e4ssiger Gesch\u00e4ftspartner in der Welt der Schwei\u00dftechnik.<br>Wir haben eine umfangreiche Auswahl an schwei\u00dftechnischen Produkten. Schwei\u00dfzusatzwerkstoffe, Schwei\u00dfger\u00e4te und schwei\u00dftechnisches Zubeh\u00f6r bilden die Hauptgruppen zur Auswahl der Produkte f\u00fcr die Anwendungen in den unterschiedlichsten Branchen. Unser Ziel ist es, Ihnen die h\u00f6chste Qualit\u00e4t anzubieten. Die gro\u00dfe Auswahlm\u00f6glichkeit von Produkten mit hervorragenden Eigenschaften soll Sie bei der Steigerung von Produktivit\u00e4t und Zuverl\u00e4ssigkeit in der schwei\u00dftechnischen Fertigung unterst\u00fctzen.<br>Daher arbeiten wir mit unseren Kunden partnerschaftlich,&nbsp; vertrauensvoll und dauerhaft zusammen.<br>Als offizieller Handelspartner von B\u00f6hler Welding k\u00f6nnen wir auf ein weltweit einzigartiges Produktportfolio f\u00fcr das Verbindungsschwei\u00dfen zur\u00fcckgreifen.<br>Die \u00fcber 2.000 Produkte werden kontinuierlich an die aktuellen Industriespezifikationen und Kundenanforderungen angepasst, sind von renommierten Institutionen zertifiziert<br>und somit f\u00fcr die anspruchsvollsten Schwei\u00dfanwendungen zugelassen.<br><br>R&amp;N Schwei\u00dftechnik, Ihr starker Partner f\u00fcr Schwei\u00dfzus\u00e4tze, Schwei\u00dfger\u00e4te, Schwei\u00dfbrenner, Autogentechnik, Spritztechnik, Absaugtechnik, Schwei\u00dfplatzausr\u00fcstung, Automatisierung, PTA-Anlagen-Brenner, Pulver und Zubeh\u00f6r,&nbsp; Schutzausr\u00fcstung, Reparatur, Schulungen usw\u2026<\/p><\/div>\n<\/div>\n<\/div>\n<\/div><\/div>\n\n\n\n<div class=\"wp-block-uagb-container uagb-block-e6145adf alignfull uagb-is-root-container\"><div class=\"uagb-container-inner-blocks-wrap\">      \n\t\t\t<div class=\"uagb-icon-wrapper uagb-block-8abe4db2  wp-block-uagb-icon--has-margin    \"\n\t\t\tstyle=\"\" >\n\t\t\t\t\t\t\t\t<div class='uagb-icon-margin-wrapper'>\n\t\t\t\t\t\t\t\t\t<span class=\"uagb-svg-wrapper\" \n\t\t\t\t\t aria-label=\"quote-left\"\t\t\t\t\ttabindex=\"0\">\t\t\n\t\t\t\t\t\t\t\t\t\t<svg xmlns=\"https:\/\/www.w3.org\/2000\/svg\" viewBox= \"0 0 448 512\" role=\"graphics-symbol\" aria-hidden=\"false\" aria-label=\"\"><path d=\"M96 224C84.72 224 74.05 226.3 64 229.9V224c0-35.3 28.7-64 64-64c17.67 0 32-14.33 32-32S145.7 96 128 96C57.42 96 0 153.4 0 224v96c0 53.02 42.98 96 96 96s96-42.98 96-96S149 224 96 224zM352 224c-11.28 0-21.95 2.305-32 5.879V224c0-35.3 28.7-64 64-64c17.67 0 32-14.33 32-32s-14.33-32-32-32c-70.58 0-128 57.42-128 128v96c0 53.02 42.98 96 96 96s96-42.98 96-96S405 224 352 224z\"><\/path><\/svg>\n\t\t\t\t\t\t\t\t\t<\/span>\n\t\t\t\t\t\t\t\t<\/div>\n\t\t\t\t\t\t\t<\/div>\n\t\t\t\n\n\n<div class=\"wp-block-uagb-advanced-heading uagb-block-8a77de68\"><h3 class=\"uagb-heading-text\">Die Schulungen von RN-Schweisstechnik waren \u00e4u\u00dferst hilfreich. Das Team ist professionell und hat unser Verst\u00e4ndnis f\u00fcr Schwei\u00dftechniken erheblich verbessert.<\/h3><\/div>\n\n\n\n<div class=\"wp-block-uagb-star-rating uagb-block-fa7d3dea\"><div class=\"uag-star-rating\" title=\"5\/5\"><span class=\"uag-star\">\u2605<\/span><span class=\"uag-star\">\u2605<\/span><span class=\"uag-star\">\u2605<\/span><span class=\"uag-star\">\u2605<\/span><span class=\"uag-star\">\u2605<\/span><\/div><\/div>\n\n\n\n<div class=\"wp-block-uagb-advanced-heading uagb-block-52f1b98e\"><p class=\"uagb-heading-text\">Elmar Kempter<\/p><\/div>\n<\/div><\/div>\n\n\n\n<div class=\"wp-block-uagb-container uagb-block-c2a4df81 alignfull uagb-is-root-container\"><div class=\"uagb-container-inner-blocks-wrap\">\n<div class=\"wp-block-uagb-info-box uagb-block-9bc2696c uagb-infobox__content-wrap  uagb-infobox-icon-above-title uagb-infobox-image-valign-top\"><div class=\"uagb-ifb-content\"><div class=\"uagb-ifb-title-wrap\"><h3 class=\"uagb-ifb-title\">Kontaktieren Sie uns noch heute!<\/h3><\/div><p class=\"uagb-ifb-desc\">Lassen Sie sich von unseren Experten unterst\u00fctzen und profitieren Sie von unseren Dienstleistungen.<\/p><div class=\"uagb-ifb-button-wrapper wp-block-button\"><a href=\"https:\/\/rn-schweisstechnik.de\/?page_id=1686\" class=\"uagb-infobox-cta-link wp-block-button__link\" target=\"_self\" rel=\"noopener noreferrer\" onclick=\"return true;\"><span class=\"uagb-inline-editing\">Jetzt Anfragen<\/span><\/a><\/div><\/div><\/div>\n<\/div><\/div>\n\n\n\n<p><\/p>\n","protected":false},"excerpt":{"rendered":"<p>\u00dcber UNS Das sind wir Ihre Ansprechpartner Unsere Geschichte und unser Engagement f\u00fcr Qualit\u00e4t in der Schwei\u00dftechnik Die Firma R&amp;N [&hellip;]<\/p>\n","protected":false},"author":1,"featured_media":0,"parent":0,"menu_order":0,"comment_status":"closed","ping_status":"closed","template":"","meta":{"_uag_custom_page_level_css":"","site-sidebar-layout":"default","site-content-layout":"page-builder","ast-site-content-layout":"full-width-container","site-content-style":"unboxed","site-sidebar-style":"unboxed","ast-global-header-display":"","ast-banner-title-visibility":"","ast-main-header-display":"","ast-hfb-above-header-display":"","ast-hfb-below-header-display":"","ast-hfb-mobile-header-display":"","site-post-title":"disabled","ast-breadcrumbs-content":"","ast-featured-img":"","footer-sml-layout":"","theme-transparent-header-meta":"enabled","adv-header-id-meta":"","stick-header-meta":"","header-above-stick-meta":"","header-main-stick-meta":"","header-below-stick-meta":"","astra-migrate-meta-layouts":"set","ast-page-background-enabled":"default","ast-page-background-meta":{"desktop":{"background-color":"var(--ast-global-color-4)","background-image":"","background-repeat":"repeat","background-position":"center center","background-size":"auto","background-attachment":"scroll","background-type":"","background-media":"","overlay-type":"","overlay-color":"","overlay-opacity":"","overlay-gradient":""},"tablet":{"background-color":"","background-image":"","background-repeat":"repeat","background-position":"center center","background-size":"auto","background-attachment":"scroll","background-type":"","background-media":"","overlay-type":"","overlay-color":"","overlay-opacity":"","overlay-gradient":""},"mobile":{"background-color":"","background-image":"","background-repeat":"repeat","background-position":"center center","background-size":"auto","background-attachment":"scroll","background-type":"","background-media":"","overlay-type":"","overlay-color":"","overlay-opacity":"","overlay-gradient":""}},"ast-content-background-meta":{"desktop":{"background-color":"var(--ast-global-color-5)","background-image":"","background-repeat":"repeat","background-position":"center center","background-size":"auto","background-attachment":"scroll","background-type":"","background-media":"","overlay-type":"","overlay-color":"","overlay-opacity":"","overlay-gradient":""},"tablet":{"background-color":"var(--ast-global-color-5)","background-image":"","background-repeat":"repeat","background-position":"center center","background-size":"auto","background-attachment":"scroll","background-type":"","background-media":"","overlay-type":"","overlay-color":"","overlay-opacity":"","overlay-gradient":""},"mobile":{"background-color":"var(--ast-global-color-5)","background-image":"","background-repeat":"repeat","background-position":"center center","background-size":"auto","background-attachment":"scroll","background-type":"","background-media":"","overlay-type":"","overlay-color":"","overlay-opacity":"","overlay-gradient":""}},"footnotes":""},"class_list":["post-1684","page","type-page","status-publish","hentry"],"uagb_featured_image_src":{"full":false,"thumbnail":false,"medium":false,"medium_large":false,"large":false,"1536x1536":false,"2048x2048":false},"uagb_author_info":{"display_name":"admin","author_link":"https:\/\/rn-schweisstechnik.de\/?author=1"},"uagb_comment_info":0,"uagb_excerpt":"\u00dcber UNS Das sind wir Ihre Ansprechpartner Unsere Geschichte und unser Engagement f\u00fcr Qualit\u00e4t in der Schwei\u00dftechnik Die Firma R&amp;N [&hellip;]","_links":{"self":[{"href":"https:\/\/rn-schweisstechnik.de\/index.php?rest_route=\/wp\/v2\/pages\/1684","targetHints":{"allow":["GET"]}}],"collection":[{"href":"https:\/\/rn-schweisstechnik.de\/index.php?rest_route=\/wp\/v2\/pages"}],"about":[{"href":"https:\/\/rn-schweisstechnik.de\/index.php?rest_route=\/wp\/v2\/types\/page"}],"author":[{"embeddable":true,"href":"https:\/\/rn-schweisstechnik.de\/index.php?rest_route=\/wp\/v2\/users\/1"}],"replies":[{"embeddable":true,"href":"https:\/\/rn-schweisstechnik.de\/index.php?rest_route=%2Fwp%2Fv2%2Fcomments&post=1684"}],"version-history":[{"count":21,"href":"https:\/\/rn-schweisstechnik.de\/index.php?rest_route=\/wp\/v2\/pages\/1684\/revisions"}],"predecessor-version":[{"id":2168,"href":"https:\/\/rn-schweisstechnik.de\/index.php?rest_route=\/wp\/v2\/pages\/1684\/revisions\/2168"}],"wp:attachment":[{"href":"https:\/\/rn-schweisstechnik.de\/index.php?rest_route=%2Fwp%2Fv2%2Fmedia&parent=1684"}],"curies":[{"name":"wp","href":"https:\/\/api.w.org\/{rel}","templated":true}]}}