{"id":1685,"date":"2025-08-13T10:15:12","date_gmt":"2025-08-13T10:15:12","guid":{"rendered":"https:\/\/rn-schweisstechnik.de\/?page_id=1685"},"modified":"2025-11-26T16:38:00","modified_gmt":"2025-11-26T16:38:00","slug":"menus","status":"publish","type":"page","link":"https:\/\/rn-schweisstechnik.de\/?page_id=1685","title":{"rendered":"Menus"},"content":{"rendered":"\n<div class=\"wp-block-uagb-container uagb-block-e7941089 alignfull uagb-is-root-container\"><div class=\"uagb-container-inner-blocks-wrap\">\n<div class=\"wp-block-uagb-advanced-heading uagb-block-18c88d4d\"><h1 class=\"uagb-heading-text\">Unser Angebot<\/h1><\/div>\n<\/div><\/div>\n\n\n\n<div class=\"wp-block-uagb-container uagb-block-774ccaef alignfull uagb-is-root-container\"><div class=\"uagb-container-inner-blocks-wrap\">\n<div class=\"wp-block-uagb-advanced-heading uagb-block-4b550b04\"><p class=\"uagb-desc-text\">Unser Angebot<\/p><h2 class=\"uagb-heading-text\">Produktpalette im Detail<\/h2><\/div>\n\n\n\n<div class=\"wp-block-uagb-container uagb-block-06e32ec4\">\n<div class=\"wp-block-uagb-container uagb-block-b19f17b1\">\n<div class=\"wp-block-uagb-image alignleft uagb-block-c832eb1e wp-block-uagb-image--layout-default wp-block-uagb-image--effect-static wp-block-uagb-image--align-left\"><figure class=\"wp-block-uagb-image__figure\"><img decoding=\"async\" srcset=\"https:\/\/rn-schweisstechnik.de\/wp-content\/uploads\/2025\/08\/DSC03901-Bearbeitet_large_ok_2000-1024x682.jpg ,https:\/\/rn-schweisstechnik.de\/wp-content\/uploads\/2025\/08\/DSC03901-Bearbeitet_large_ok_2000.jpg 780w, https:\/\/rn-schweisstechnik.de\/wp-content\/uploads\/2025\/08\/DSC03901-Bearbeitet_large_ok_2000.jpg 360w\" sizes=\"auto, (max-width: 480px) 150px\" src=\"https:\/\/rn-schweisstechnik.de\/wp-content\/uploads\/2025\/08\/DSC03901-Bearbeitet_large_ok_2000-1024x682.jpg\" alt=\"dsc03901 bearbeitet large ok 2000\" class=\"uag-image-1949\" width=\"560\" height=\"400\" title=\"dsc03901 bearbeitet large ok 2000\" loading=\"lazy\" role=\"img\"\/><\/figure><\/div>\n<\/div>\n\n\n\n<div class=\"wp-block-uagb-container uagb-block-b4e5e671\">\n<div class=\"wp-block-uagb-advanced-heading uagb-block-24f0d5aa\"><h3 class=\"uagb-heading-text\">Schwei\u00dfger\u00e4te<\/h3><div class=\"uagb-separator\"><\/div><\/div>\n\n\n\n<div class=\"wp-block-uagb-advanced-heading uagb-block-b218cd34\"><p class=\"uagb-heading-text\">Schwei\u00dfmaschinen f\u00fcr Profis<\/p><p class=\"uagb-desc-text\">Leistungsstarke MIG\/MAG Schwei\u00dfmaschinen f\u00fcr Industrieanwendungen.<\/p><div class=\"uagb-separator\"><\/div><\/div>\n\n\n\n<div class=\"wp-block-uagb-advanced-heading uagb-block-1b4cadad\"><p class=\"uagb-heading-text\">Tragbare Schwei\u00dfger\u00e4te<\/p><p class=\"uagb-desc-text\">Tragbare Ger\u00e4te ideal f\u00fcr Wartungs- und Reparaturarbeiten.<\/p><div class=\"uagb-separator\"><\/div><\/div>\n\n\n\n<div class=\"wp-block-uagb-advanced-heading uagb-block-f8213767\"><p class=\"uagb-heading-text\">Automatisierte Schwei\u00dfsysteme<\/p><p class=\"uagb-desc-text\">Kosteneffiziente automatisierte Systeme f\u00fcr Serienproduktion.<\/p><\/div>\n<\/div>\n<\/div>\n\n\n\n<div class=\"wp-block-uagb-container uagb-block-57e1782a\">\n<div class=\"wp-block-uagb-container uagb-block-0b896a52\">\n<div class=\"wp-block-uagb-advanced-heading uagb-block-bd3e4bdd\"><h3 class=\"uagb-heading-text\">Zubeh\u00f6r<\/h3><div class=\"uagb-separator\"><\/div><\/div>\n\n\n\n<div class=\"wp-block-uagb-advanced-heading uagb-block-72f9c18d\"><p class=\"uagb-heading-text\">Hochwertige Schwei\u00dfmaterialien<\/p><p class=\"uagb-desc-text\">Hochwertige Schwei\u00dfdr\u00e4hte f\u00fcr verschiedene Materialien und Anwendungen.<\/p><div class=\"uagb-separator\"><\/div><\/div>\n\n\n\n<div class=\"wp-block-uagb-advanced-heading uagb-block-b14cb79f\"><p class=\"uagb-heading-text\">Zubeh\u00f6r und Ersatzteile<\/p><p class=\"uagb-desc-text\">Ersatzteile f\u00fcr unsere Ger\u00e4te, die h\u00f6chste Qualit\u00e4t garantieren.<\/p><div class=\"uagb-separator\"><\/div><\/div>\n\n\n\n<div class=\"wp-block-uagb-advanced-heading uagb-block-111b74a4\"><p class=\"uagb-heading-text\">Sicherheitsausr\u00fcstung f\u00fcr Schwei\u00dfer<\/p><p class=\"uagb-desc-text\">Sicherheitsausr\u00fcstung f\u00fcr maximale Sicherheit beim Schwei\u00dfen.<\/p><\/div>\n<\/div>\n\n\n\n<div class=\"wp-block-uagb-container uagb-block-108b209e\">\n<div class=\"wp-block-uagb-image alignright uagb-block-99ff2ad0 wp-block-uagb-image--layout-default wp-block-uagb-image--effect-static wp-block-uagb-image--align-right\"><figure class=\"wp-block-uagb-image__figure\"><img decoding=\"async\" srcset=\"https:\/\/rn-schweisstechnik.de\/wp-content\/uploads\/2025\/08\/DSC03973_large_ok-1024x683.jpg ,https:\/\/rn-schweisstechnik.de\/wp-content\/uploads\/2025\/08\/DSC03973_large_ok-scaled.jpg 780w, https:\/\/rn-schweisstechnik.de\/wp-content\/uploads\/2025\/08\/DSC03973_large_ok-scaled.jpg 360w\" sizes=\"auto, (max-width: 480px) 150px\" src=\"https:\/\/rn-schweisstechnik.de\/wp-content\/uploads\/2025\/08\/DSC03973_large_ok-1024x683.jpg\" alt=\"dsc03973 large ok\" class=\"uag-image-1933\" width=\"560\" height=\"400\" title=\"dsc03973 large ok\" loading=\"lazy\" role=\"img\"\/><\/figure><\/div>\n<\/div>\n<\/div>\n\n\n\n<div class=\"wp-block-uagb-container uagb-block-37d69c67\">\n<div class=\"wp-block-uagb-container uagb-block-e9d8c8bb\">\n<div class=\"wp-block-uagb-image alignleft uagb-block-a1355384 wp-block-uagb-image--layout-default wp-block-uagb-image--effect-static wp-block-uagb-image--align-left\"><figure class=\"wp-block-uagb-image__figure\"><img decoding=\"async\" srcset=\"https:\/\/rn-schweisstechnik.de\/wp-content\/uploads\/2025\/11\/schulung_rep.jpg ,https:\/\/rn-schweisstechnik.de\/wp-content\/uploads\/2025\/11\/schulung_rep.jpg 780w, https:\/\/rn-schweisstechnik.de\/wp-content\/uploads\/2025\/11\/schulung_rep.jpg 360w\" sizes=\"auto, (max-width: 480px) 150px\" src=\"https:\/\/rn-schweisstechnik.de\/wp-content\/uploads\/2025\/11\/schulung_rep.jpg\" alt=\"schulung rep\" class=\"uag-image-2024\" width=\"560\" height=\"400\" title=\"schulung rep\" loading=\"lazy\" role=\"img\"\/><\/figure><\/div>\n<\/div>\n\n\n\n<div class=\"wp-block-uagb-container uagb-block-a3388eca\">\n<div class=\"wp-block-uagb-advanced-heading uagb-block-641231bf\"><h3 class=\"uagb-heading-text\">Dienstleistungen<\/h3><div class=\"uagb-separator\"><\/div><\/div>\n\n\n\n<div class=\"wp-block-uagb-advanced-heading uagb-block-d5fb85bb\"><p class=\"uagb-heading-text\">Schulungen<\/p><p class=\"uagb-desc-text\">Die Schwei\u00dftechnik spielt eine zentrale Rolle im Metallbau und erfordert nicht nur technisches K\u00f6nnen, sondern auch umfassendes Fachwissen.<br>Gerne bieten wir Ihnen Schulungen in Ihrem Bereib an, fragen Sie uns einfach.<\/p><div class=\"uagb-separator\"><\/div><\/div>\n\n\n\n<div class=\"wp-block-uagb-advanced-heading uagb-block-b544bf47\"><p class=\"uagb-heading-text\">Reparaturservice<\/p><p class=\"uagb-desc-text\">Schneller und zuverl\u00e4ssiger Reparaturservice f\u00fcr Ihr Equipment.<br>Schlauchpakete aller Art und Hersteller, Schwei\u00dfger\u00e4te, Schneidbrenner, Schneideins\u00e4tze\/Handgriffe, Sicherungseinrichtungen (m\u00fcssen j\u00e4hrlich \u00fcberpr\u00fcft werden),Druckminderer, Druckregler,\u2026<\/p><\/div>\n<\/div>\n<\/div>\n<\/div><\/div>\n\n\n\n<div class=\"wp-block-uagb-container uagb-block-c2a4df81 alignfull uagb-is-root-container\"><div class=\"uagb-container-inner-blocks-wrap\">\n<div class=\"wp-block-uagb-info-box uagb-block-9bc2696c uagb-infobox__content-wrap  uagb-infobox-icon-above-title uagb-infobox-image-valign-top\"><div class=\"uagb-ifb-content\"><div class=\"uagb-ifb-title-wrap\"><h3 class=\"uagb-ifb-title\">Kontaktieren Sie uns noch heute!<\/h3><\/div><p class=\"uagb-ifb-desc\">Lassen Sie sich von unseren Experten unterst\u00fctzen und profitieren Sie von unseren Dienstleistungen.<\/p><div class=\"uagb-ifb-button-wrapper wp-block-button\"><a href=\"https:\/\/rn-schweisstechnik.de\/?page_id=1686\" class=\"uagb-infobox-cta-link wp-block-button__link\" target=\"_self\" rel=\"noopener noreferrer\" onclick=\"return true;\"><span class=\"uagb-inline-editing\">Jetzt Anfragen<\/span><\/a><\/div><\/div><\/div>\n<\/div><\/div>\n","protected":false},"excerpt":{"rendered":"<p>Unser Angebot Unser Angebot Produktpalette im Detail Schwei\u00dfger\u00e4te Schwei\u00dfmaschinen f\u00fcr Profis Leistungsstarke MIG\/MAG Schwei\u00dfmaschinen f\u00fcr Industrieanwendungen. Tragbare Schwei\u00dfger\u00e4te Tragbare Ger\u00e4te [&hellip;]<\/p>\n","protected":false},"author":1,"featured_media":0,"parent":0,"menu_order":0,"comment_status":"closed","ping_status":"closed","template":"","meta":{"_uag_custom_page_level_css":"","site-sidebar-layout":"default","site-content-layout":"page-builder","ast-site-content-layout":"full-width-container","site-content-style":"unboxed","site-sidebar-style":"unboxed","ast-global-header-display":"","ast-banner-title-visibility":"","ast-main-header-display":"","ast-hfb-above-header-display":"","ast-hfb-below-header-display":"","ast-hfb-mobile-header-display":"","site-post-title":"disabled","ast-breadcrumbs-content":"","ast-featured-img":"","footer-sml-layout":"","theme-transparent-header-meta":"enabled","adv-header-id-meta":"","stick-header-meta":"","header-above-stick-meta":"","header-main-stick-meta":"","header-below-stick-meta":"","astra-migrate-meta-layouts":"set","ast-page-background-enabled":"default","ast-page-background-meta":{"desktop":{"background-color":"var(--ast-global-color-4)","background-image":"","background-repeat":"repeat","background-position":"center center","background-size":"auto","background-attachment":"scroll","background-type":"","background-media":"","overlay-type":"","overlay-color":"","overlay-opacity":"","overlay-gradient":""},"tablet":{"background-color":"","background-image":"","background-repeat":"repeat","background-position":"center center","background-size":"auto","background-attachment":"scroll","background-type":"","background-media":"","overlay-type":"","overlay-color":"","overlay-opacity":"","overlay-gradient":""},"mobile":{"background-color":"","background-image":"","background-repeat":"repeat","background-position":"center center","background-size":"auto","background-attachment":"scroll","background-type":"","background-media":"","overlay-type":"","overlay-color":"","overlay-opacity":"","overlay-gradient":""}},"ast-content-background-meta":{"desktop":{"background-color":"var(--ast-global-color-5)","background-image":"","background-repeat":"repeat","background-position":"center center","background-size":"auto","background-attachment":"scroll","background-type":"","background-media":"","overlay-type":"","overlay-color":"","overlay-opacity":"","overlay-gradient":""},"tablet":{"background-color":"var(--ast-global-color-5)","background-image":"","background-repeat":"repeat","background-position":"center center","background-size":"auto","background-attachment":"scroll","background-type":"","background-media":"","overlay-type":"","overlay-color":"","overlay-opacity":"","overlay-gradient":""},"mobile":{"background-color":"var(--ast-global-color-5)","background-image":"","background-repeat":"repeat","background-position":"center center","background-size":"auto","background-attachment":"scroll","background-type":"","background-media":"","overlay-type":"","overlay-color":"","overlay-opacity":"","overlay-gradient":""}},"footnotes":""},"class_list":["post-1685","page","type-page","status-publish","hentry"],"uagb_featured_image_src":{"full":false,"thumbnail":false,"medium":false,"medium_large":false,"large":false,"1536x1536":false,"2048x2048":false},"uagb_author_info":{"display_name":"admin","author_link":"https:\/\/rn-schweisstechnik.de\/?author=1"},"uagb_comment_info":0,"uagb_excerpt":"Unser Angebot Unser Angebot Produktpalette im Detail Schwei\u00dfger\u00e4te Schwei\u00dfmaschinen f\u00fcr Profis Leistungsstarke MIG\/MAG Schwei\u00dfmaschinen f\u00fcr Industrieanwendungen. Tragbare Schwei\u00dfger\u00e4te Tragbare Ger\u00e4te [&hellip;]","_links":{"self":[{"href":"https:\/\/rn-schweisstechnik.de\/index.php?rest_route=\/wp\/v2\/pages\/1685","targetHints":{"allow":["GET"]}}],"collection":[{"href":"https:\/\/rn-schweisstechnik.de\/index.php?rest_route=\/wp\/v2\/pages"}],"about":[{"href":"https:\/\/rn-schweisstechnik.de\/index.php?rest_route=\/wp\/v2\/types\/page"}],"author":[{"embeddable":true,"href":"https:\/\/rn-schweisstechnik.de\/index.php?rest_route=\/wp\/v2\/users\/1"}],"replies":[{"embeddable":true,"href":"https:\/\/rn-schweisstechnik.de\/index.php?rest_route=%2Fwp%2Fv2%2Fcomments&post=1685"}],"version-history":[{"count":7,"href":"https:\/\/rn-schweisstechnik.de\/index.php?rest_route=\/wp\/v2\/pages\/1685\/revisions"}],"predecessor-version":[{"id":2025,"href":"https:\/\/rn-schweisstechnik.de\/index.php?rest_route=\/wp\/v2\/pages\/1685\/revisions\/2025"}],"wp:attachment":[{"href":"https:\/\/rn-schweisstechnik.de\/index.php?rest_route=%2Fwp%2Fv2%2Fmedia&parent=1685"}],"curies":[{"name":"wp","href":"https:\/\/api.w.org\/{rel}","templated":true}]}}