{"id":2095,"date":"2025-11-24T08:39:10","date_gmt":"2025-11-24T08:39:10","guid":{"rendered":"https:\/\/rn-schweisstechnik.de\/?page_id=2095"},"modified":"2026-02-11T12:18:41","modified_gmt":"2026-02-11T12:18:41","slug":"datenschutz","status":"publish","type":"page","link":"https:\/\/rn-schweisstechnik.de\/?page_id=2095","title":{"rendered":"Datenschutz"},"content":{"rendered":"\n<p>Michael Schmidt GmbH &amp; Co. KG<br>Martinstra\u00dfe 5<br>89434 Blindheim<br>Deutschland<br>E-Mail:\u00a0info@rn-schweisstechnik.de<\/p>\n\n\n\n<p>Vertretungsberichtigter Gesellschafter: Michael Schmidt<br>Link zum Impressum: <a href=\"https:\/\/rn-schweisstechnik.de\/?page_id=2097\">https:\/\/rn-schweisstechnik.de\/?page_id=2097<\/a><\/p>\n\n\n\n<p>Verantwortlichen Stelle f\u00fcr die Datenverarbeitung auf dieser Website:<\/p>\n\n\n\n<p>Michael Schmidt<br>Martinstra\u00dfe 5<br>89434 Blindheim<br>Tel. 09074 6171<br>Mail: info@rn-schweisstechnik.de<\/p>\n\n\n\n<p>Verantwortliche Stelle ist die nat\u00fcrliche oder juristische Person, die allein oder gemeinsam mit anderen \u00fcber die Zwecke und Mittel der Verarbeitung von personenbezogenen Daten (z.B. Namen, E-Mail-Adressen o. \u0192.) entscheidet.<\/p>\n\n\n\n<p>Datenschutz<\/p>\n\n\n\n<p>Die Betreiber dieser Seiten nehmen den Schutz Ihrer pers\u00f6nlichen Daten sehr ernst. Wir behandeln Ihre personenbezogenen Daten vertraulich und entsprechend der gesetzlichen Datenschutzvorschriften sowie dieser Datenschutzerkl\u00e4rung.<\/p>\n\n\n\n<p>Die Nutzung unserer Webseite ist in der Regel ohne Angabe personenbezogener Daten m\u00f6glich. Soweit auf unseren Seiten personenbezogene Daten (beispielsweise Name, Anschrift oder E-Mail-Adressen) erhoben werden, erfolgt dies, soweit m\u00f6glich, stets auf freiwilliger Basis. Diese Daten werden ohne Ihre ausdr\u00fcckliche Zustimmung nicht an Dritte weitergegeben.<\/p>\n\n\n\n<p>Wir weisen darauf hin, dass die Daten\u00fcbertragung im Internet (z.B. bei der Kommunikation per E-Mail) Sicherheitsl\u00fccken aufweisen kann. Ein l\u00fcckenloser Schutz der Daten vor dem Zugriff durch Dritte ist nicht m\u00f6glich.<\/p>\n\n\n\n<p>Cookies<\/p>\n\n\n\n<p>Die Internetseiten verwenden teilweise so genannte Cookies. Cookies richten auf Ihrem Rechner keinen Schaden an und enthalten keine Viren. Cookies dienen dazu, unser Angebot nutzerfreundlicher, effektiver und sicherer zu machen. Cookies sind kleine Textdateien, die auf Ihrem Rechner abgelegt werden und die Ihr Browser speichert.<\/p>\n\n\n\n<p>Die meisten der von uns verwendeten Cookies sind so genannte \u201eSession-Cookies\u201c. Sie werden nach Ende Ihres Besuchs automatisch gel\u00f6scht. Andere Cookies bleiben auf Ihrem Endger\u00e4t gespeichert, bis Sie diese l\u00f6schen. Diese Cookies erm\u00f6glichen es uns, Ihren Browser beim n\u00e4chsten Besuch wiederzuerkennen.<\/p>\n\n\n\n<p>Sie k\u00f6nnen Ihren Browser so einstellen, dass Sie \u00fcber das Setzen von Cookies informiert werden und Cookies nur im Einzelfall erlauben, die Annahme von Cookies f\u00fcr bestimmte F\u00e4lle oder generell ausschlie\u00dfen sowie das automatische L\u00f6schen der Cookies beim Schlie\u00dfen des Browser aktivieren. Bei der Deaktivierung von Cookies kann die Funktionalit\u00e4t dieser Website eingeschr\u00e4nkt sein.<\/p>\n\n\n\n<p>Server-Log- Files<\/p>\n\n\n\n<p>Der Provider der Seiten erhebt und speichert automatisch Informationen in so genannten Server-Log Files, die Ihr Browser automatisch an uns \u00fcbermittelt. Dies sind:<\/p>\n\n\n\n<p>Browsertyp und Browserversion<br>verwendetes Betriebssystem<br>Referrer URL<br>Hostname des zugreifenden Rechners<br>Uhrzeit der Serveranfrage<br>Diese Daten sind nicht bestimmten Personen zuordenbar. Eine Zusammenf\u00fchrung dieser Daten mit anderen Datenquellen wird nicht vorgenommen. Wir behalten uns vor, diese Daten nachtr\u00e4glich zu pr\u00fcfen, wenn uns konkrete Anhaltspunkte f\u00fcr eine rechtswidrige Nutzung bekannt werden.<br>&nbsp;<br>Kontaktformular<br>Treten Sie per E-Mail oder Kontaktformular mit uns in Kontakt, werden die von Ihnen gemachten Angaben zum Zwecke der Bearbeitung Ihrer Anfrage sowie f\u00fcr m\u00f6gliche Anschlussfragen gespeichert.<br>&nbsp;<br>Verwendung von Webfonts<br>Auf diesen Internetseiten werden externe Schriften, Google Fonts verwendet. Google Fonts ist ein Dienst der Google Inc. (&#8222;Google&#8220;). Die Einbindung dieser Web Fonts erfolgt durch einen Serveraufruf, in der Regel ein Server von Google in den USA. Hierdurch wird an den Server \u00fcbermittelt, welche unserer Internetseiten Sie besucht haben. Auch wird die IP-Adresse des Browsers des Endger\u00e4tes des Besuchers dieser Internetseiten von Google gespeichert. N\u00e4here Informationen finden Sie in den Datenschutzhinweisen von Google, die Sie hier abrufen k\u00f6nnen:<br>www.google.com\/fonts#AboutPlace:about<br>www.google.com\/policies\/privacy\/<br>&nbsp;<br>Verwendung von Google Maps<br>Diese Webseite benutzt Google Maps API, einen Kartendienst der Google Inc. (&#8222;Google&#8220;), zur Darstellung einer interaktiven Karte und zur Erstellung von Anfahrtspl\u00e4nen.&nbsp;Google Maps wird von Google Inc., 1600 Amphitheatre Parkway, Mountain View, CA 94043, USA betrieben.<br>Durch die Nutzung von Google Maps k\u00f6nnen Informationen \u00fcber Ihre Benutzung dieser Webseite (einschlie\u00dflich Ihrer IP-Adresse) an einen Server von Google in den USA \u00fcbertragen und dort gespeichert werden. Google wird die durch Maps gewonnenen Informationen gegebenenfalls an Dritte \u00fcbertragen, sofern dies gesetzlich vorgeschrieben ist oder soweit Dritte diese Daten im Auftrag von Google verarbeiten.<br>Google wird in keinem Fall Ihre IP-Adresse mit anderen Daten von Google in Verbindung bringen. Trotzdem w\u00e4re es technisch m\u00f6glich, dass Google aufgrund der erhaltenen Daten eine Identifizierung zumindest einzelner Nutzenden vornehmen k\u00f6nnte. Es w\u00e4re m\u00f6glich, dass personenbezogene Daten und Pers\u00f6nlichkeitsprofile von Nutzern der Webseite von Google f\u00fcr andere Zwecke verarbeitet werden k\u00f6nnten, auf welche wir keinen Einfluss haben und haben k\u00f6nnen. Sie haben die M\u00f6glichkeit, den Service von Google Maps zu deaktivieren und somit den Datentransfer an Google zu verhindern, indem Sie JavaScript in Ihrem Browser deaktivieren. Ausf\u00fchrliche Details finden Sie im Datenschutz-Center von&nbsp;google.de: Transparenz und Wahlm\u00f6glichkeiten sowie Datenschutzbestimmungen.<br>&nbsp;<br>SSL-Verschl\u00fcsselung<br>Diese Seite nutzt aus Gr\u00fcnden der Sicherheit und zum Schutz der \u00dcbertragung vertraulicher Inhalte, wie zum Beispiel der Anfragen, die Sie an uns als Seitenbetreiber senden, eine SSL-Verschl\u00fcsselung. Eine verschl\u00fcsselte Verbindung erkennen Sie daran, dass die Adresszeile des Browsers von &#8222;http:\/\/&#8220; auf &#8222;https:\/\/&#8220; wechselt und an dem Schloss-Symbol in Ihrer Browserzeile.<br>Wenn die SSL Verschl\u00fcsselung aktiviert ist, k\u00f6nnen die Daten, die Sie an uns \u00fcbermitteln, nicht von Dritten mitgelesen werden.<br>&nbsp;<br>Recht auf Auskunft, L\u00f6schung, Sperrung<br>Sie haben jederzeit das Recht auf unentgeltliche Auskunft \u00fcber Ihre gespeicherten personenbezogenen Daten, deren Herkunft und Empf\u00e4nger und den Zweck der Datenverarbeitung sowie ein Recht auf Berichtigung, Sperrung oder L\u00f6schung dieser Daten. Hierzu sowie zu weiteren Fragen zum Thema personenbezogene Daten k\u00f6nnen Sie sich jederzeit unter der im Impressum angegebenen Adresse an uns wenden.<br>&nbsp;<br>Widerspruch Werbe-Mails<br>Der Nutzung von im Rahmen der Impressumspflicht ver\u00f6ffentlichten Kontaktdaten zur \u00dcbersendung von nicht ausdr\u00fccklich angeforderter Werbung und Informationsmaterialien wird hiermit widersprochen. Die Betreiber der Seiten behalten sich ausdr\u00fccklich rechtliche Schritte im Falle der unverlangten Zusendung von Werbeinformationen, etwa durch Spam-E-Mails, vor.<br>&nbsp;<br>Quelle: u.a.&nbsp;https:\/\/www.e-recht24.de<\/p>\n","protected":false},"excerpt":{"rendered":"<p>Michael Schmidt GmbH &amp; Co. KGMartinstra\u00dfe 589434 BlindheimDeutschlandE-Mail:\u00a0info@rn-schweisstechnik.de Vertretungsberichtigter Gesellschafter: Michael SchmidtLink zum Impressum: https:\/\/rn-schweisstechnik.de\/?page_id=2097 Verantwortlichen Stelle f\u00fcr die Datenverarbeitung [&hellip;]<\/p>\n","protected":false},"author":1,"featured_media":0,"parent":0,"menu_order":0,"comment_status":"closed","ping_status":"closed","template":"","meta":{"_uag_custom_page_level_css":"","site-sidebar-layout":"default","site-content-layout":"","ast-site-content-layout":"default","site-content-style":"default","site-sidebar-style":"default","ast-global-header-display":"","ast-banner-title-visibility":"","ast-main-header-display":"","ast-hfb-above-header-display":"","ast-hfb-below-header-display":"","ast-hfb-mobile-header-display":"","site-post-title":"","ast-breadcrumbs-content":"","ast-featured-img":"","footer-sml-layout":"","theme-transparent-header-meta":"","adv-header-id-meta":"","stick-header-meta":"","header-above-stick-meta":"","header-main-stick-meta":"","header-below-stick-meta":"","astra-migrate-meta-layouts":"set","ast-page-background-enabled":"default","ast-page-background-meta":{"desktop":{"background-color":"var(--ast-global-color-4)","background-image":"","background-repeat":"repeat","background-position":"center center","background-size":"auto","background-attachment":"scroll","background-type":"","background-media":"","overlay-type":"","overlay-color":"","overlay-opacity":"","overlay-gradient":""},"tablet":{"background-color":"","background-image":"","background-repeat":"repeat","background-position":"center center","background-size":"auto","background-attachment":"scroll","background-type":"","background-media":"","overlay-type":"","overlay-color":"","overlay-opacity":"","overlay-gradient":""},"mobile":{"background-color":"","background-image":"","background-repeat":"repeat","background-position":"center center","background-size":"auto","background-attachment":"scroll","background-type":"","background-media":"","overlay-type":"","overlay-color":"","overlay-opacity":"","overlay-gradient":""}},"ast-content-background-meta":{"desktop":{"background-color":"var(--ast-global-color-5)","background-image":"","background-repeat":"repeat","background-position":"center center","background-size":"auto","background-attachment":"scroll","background-type":"","background-media":"","overlay-type":"","overlay-color":"","overlay-opacity":"","overlay-gradient":""},"tablet":{"background-color":"var(--ast-global-color-5)","background-image":"","background-repeat":"repeat","background-position":"center center","background-size":"auto","background-attachment":"scroll","background-type":"","background-media":"","overlay-type":"","overlay-color":"","overlay-opacity":"","overlay-gradient":""},"mobile":{"background-color":"var(--ast-global-color-5)","background-image":"","background-repeat":"repeat","background-position":"center center","background-size":"auto","background-attachment":"scroll","background-type":"","background-media":"","overlay-type":"","overlay-color":"","overlay-opacity":"","overlay-gradient":""}},"footnotes":""},"class_list":["post-2095","page","type-page","status-publish","hentry"],"uagb_featured_image_src":{"full":false,"thumbnail":false,"medium":false,"medium_large":false,"large":false,"1536x1536":false,"2048x2048":false},"uagb_author_info":{"display_name":"admin","author_link":"https:\/\/rn-schweisstechnik.de\/?author=1"},"uagb_comment_info":0,"uagb_excerpt":"Michael Schmidt GmbH &amp; Co. KGMartinstra\u00dfe 589434 BlindheimDeutschlandE-Mail:\u00a0info@rn-schweisstechnik.de Vertretungsberichtigter Gesellschafter: Michael SchmidtLink zum Impressum: https:\/\/rn-schweisstechnik.de\/?page_id=2097 Verantwortlichen Stelle f\u00fcr die Datenverarbeitung [&hellip;]","_links":{"self":[{"href":"https:\/\/rn-schweisstechnik.de\/index.php?rest_route=\/wp\/v2\/pages\/2095","targetHints":{"allow":["GET"]}}],"collection":[{"href":"https:\/\/rn-schweisstechnik.de\/index.php?rest_route=\/wp\/v2\/pages"}],"about":[{"href":"https:\/\/rn-schweisstechnik.de\/index.php?rest_route=\/wp\/v2\/types\/page"}],"author":[{"embeddable":true,"href":"https:\/\/rn-schweisstechnik.de\/index.php?rest_route=\/wp\/v2\/users\/1"}],"replies":[{"embeddable":true,"href":"https:\/\/rn-schweisstechnik.de\/index.php?rest_route=%2Fwp%2Fv2%2Fcomments&post=2095"}],"version-history":[{"count":3,"href":"https:\/\/rn-schweisstechnik.de\/index.php?rest_route=\/wp\/v2\/pages\/2095\/revisions"}],"predecessor-version":[{"id":2276,"href":"https:\/\/rn-schweisstechnik.de\/index.php?rest_route=\/wp\/v2\/pages\/2095\/revisions\/2276"}],"wp:attachment":[{"href":"https:\/\/rn-schweisstechnik.de\/index.php?rest_route=%2Fwp%2Fv2%2Fmedia&parent=2095"}],"curies":[{"name":"wp","href":"https:\/\/api.w.org\/{rel}","templated":true}]}}