{"id":2097,"date":"2025-11-24T08:40:06","date_gmt":"2025-11-24T08:40:06","guid":{"rendered":"https:\/\/rn-schweisstechnik.de\/?page_id=2097"},"modified":"2026-02-11T12:19:20","modified_gmt":"2026-02-11T12:19:20","slug":"impreddum","status":"publish","type":"page","link":"https:\/\/rn-schweisstechnik.de\/?page_id=2097","title":{"rendered":"Impressum"},"content":{"rendered":"\n<p><strong>R&amp;N Schwei\u00dftechnik<\/strong><br>Michael Schmidt GmbH &amp; Co. KG<br>Martinstra\u00dfe 5<br>89434 Blindheim<\/p>\n\n\n\n<p>Vertretungsberechtigter Gesellschafter (Komplement\u00e4r): Michael Schmidt<\/p>\n\n\n\n<p>Registergericht: Amtsgericht Augsburg<br>Registernummer: HRA 12 693<br>Umsatzsteuer-Identifikationsnummer gem\u00e4\u00df \u00a7 27 a Umsatzsteuergesetz: DE 185425179<\/p>\n\n\n\n<p>Telefon: (09074 6171)<br>Telefax: (09074 6172)<br>E-Mail:\u00a0info@rn-schweisstechnik.de<\/p>\n","protected":false},"excerpt":{"rendered":"<p>R&amp;N Schwei\u00dftechnikMichael Schmidt GmbH &amp; Co. KGMartinstra\u00dfe 589434 Blindheim Vertretungsberechtigter Gesellschafter (Komplement\u00e4r): Michael Schmidt Registergericht: Amtsgericht AugsburgRegisternummer: HRA 12 693Umsatzsteuer-Identifikationsnummer [&hellip;]<\/p>\n","protected":false},"author":1,"featured_media":0,"parent":0,"menu_order":0,"comment_status":"closed","ping_status":"closed","template":"","meta":{"_uag_custom_page_level_css":"","site-sidebar-layout":"default","site-content-layout":"","ast-site-content-layout":"default","site-content-style":"default","site-sidebar-style":"default","ast-global-header-display":"","ast-banner-title-visibility":"","ast-main-header-display":"","ast-hfb-above-header-display":"","ast-hfb-below-header-display":"","ast-hfb-mobile-header-display":"","site-post-title":"","ast-breadcrumbs-content":"","ast-featured-img":"","footer-sml-layout":"","theme-transparent-header-meta":"","adv-header-id-meta":"","stick-header-meta":"","header-above-stick-meta":"","header-main-stick-meta":"","header-below-stick-meta":"","astra-migrate-meta-layouts":"set","ast-page-background-enabled":"default","ast-page-background-meta":{"desktop":{"background-color":"var(--ast-global-color-4)","background-image":"","background-repeat":"repeat","background-position":"center center","background-size":"auto","background-attachment":"scroll","background-type":"","background-media":"","overlay-type":"","overlay-color":"","overlay-opacity":"","overlay-gradient":""},"tablet":{"background-color":"","background-image":"","background-repeat":"repeat","background-position":"center center","background-size":"auto","background-attachment":"scroll","background-type":"","background-media":"","overlay-type":"","overlay-color":"","overlay-opacity":"","overlay-gradient":""},"mobile":{"background-color":"","background-image":"","background-repeat":"repeat","background-position":"center center","background-size":"auto","background-attachment":"scroll","background-type":"","background-media":"","overlay-type":"","overlay-color":"","overlay-opacity":"","overlay-gradient":""}},"ast-content-background-meta":{"desktop":{"background-color":"var(--ast-global-color-5)","background-image":"","background-repeat":"repeat","background-position":"center center","background-size":"auto","background-attachment":"scroll","background-type":"","background-media":"","overlay-type":"","overlay-color":"","overlay-opacity":"","overlay-gradient":""},"tablet":{"background-color":"var(--ast-global-color-5)","background-image":"","background-repeat":"repeat","background-position":"center center","background-size":"auto","background-attachment":"scroll","background-type":"","background-media":"","overlay-type":"","overlay-color":"","overlay-opacity":"","overlay-gradient":""},"mobile":{"background-color":"var(--ast-global-color-5)","background-image":"","background-repeat":"repeat","background-position":"center center","background-size":"auto","background-attachment":"scroll","background-type":"","background-media":"","overlay-type":"","overlay-color":"","overlay-opacity":"","overlay-gradient":""}},"footnotes":""},"class_list":["post-2097","page","type-page","status-publish","hentry"],"uagb_featured_image_src":{"full":false,"thumbnail":false,"medium":false,"medium_large":false,"large":false,"1536x1536":false,"2048x2048":false},"uagb_author_info":{"display_name":"admin","author_link":"https:\/\/rn-schweisstechnik.de\/?author=1"},"uagb_comment_info":0,"uagb_excerpt":"R&amp;N Schwei\u00dftechnikMichael Schmidt GmbH &amp; Co. KGMartinstra\u00dfe 589434 Blindheim Vertretungsberechtigter Gesellschafter (Komplement\u00e4r): Michael Schmidt Registergericht: Amtsgericht AugsburgRegisternummer: HRA 12 693Umsatzsteuer-Identifikationsnummer [&hellip;]","_links":{"self":[{"href":"https:\/\/rn-schweisstechnik.de\/index.php?rest_route=\/wp\/v2\/pages\/2097","targetHints":{"allow":["GET"]}}],"collection":[{"href":"https:\/\/rn-schweisstechnik.de\/index.php?rest_route=\/wp\/v2\/pages"}],"about":[{"href":"https:\/\/rn-schweisstechnik.de\/index.php?rest_route=\/wp\/v2\/types\/page"}],"author":[{"embeddable":true,"href":"https:\/\/rn-schweisstechnik.de\/index.php?rest_route=\/wp\/v2\/users\/1"}],"replies":[{"embeddable":true,"href":"https:\/\/rn-schweisstechnik.de\/index.php?rest_route=%2Fwp%2Fv2%2Fcomments&post=2097"}],"version-history":[{"count":3,"href":"https:\/\/rn-schweisstechnik.de\/index.php?rest_route=\/wp\/v2\/pages\/2097\/revisions"}],"predecessor-version":[{"id":2277,"href":"https:\/\/rn-schweisstechnik.de\/index.php?rest_route=\/wp\/v2\/pages\/2097\/revisions\/2277"}],"wp:attachment":[{"href":"https:\/\/rn-schweisstechnik.de\/index.php?rest_route=%2Fwp%2Fv2%2Fmedia&parent=2097"}],"curies":[{"name":"wp","href":"https:\/\/api.w.org\/{rel}","templated":true}]}}