{"id":2100,"date":"2025-11-24T08:41:30","date_gmt":"2025-11-24T08:41:30","guid":{"rendered":"https:\/\/rn-schweisstechnik.de\/?page_id=2100"},"modified":"2025-11-27T13:37:26","modified_gmt":"2025-11-27T13:37:26","slug":"agb","status":"publish","type":"page","link":"https:\/\/rn-schweisstechnik.de\/?page_id=2100","title":{"rendered":"AGB"},"content":{"rendered":"\n<p><strong>Allgemeine Vertragsbedingungen<\/strong><br><br>Die nachstehenden Bedingungen gelten f\u00fcr alle Verk\u00e4ufe und Lieferungen, soweit nicht schriftlich etwas anderes<br>vereinbart wird. Gesch\u00e4ftsbedingungen des Kunden gelten nur, soweit wir ihnen zustimmen.<\/p>\n\n\n\n<p>1. Unsere Angebote sind freibleibend. Vertr\u00e4ge kommen erst durch unsere Auftragsbest\u00e4tigung oder Lieferung zustande.<br>Geringf\u00fcgige Abweichungen von unseren Angaben \u00fcber Ma\u00dfe, Gewicht, Beschaffenheit und Qualit\u00e4t bleiben vorbehalten.<\/p>\n\n\n\n<p>2. Lieferzeiten gelten nur ann\u00e4hernd, sofern wir sie nicht schriftlich als verbindlich bezeichnet haben.<\/p>\n\n\n\n<p>3. Wir sind zu Teillieferungen berechtigt. Jede Teillieferung kann gesondert in Rechnung gestellt werden. Bei Bestellungen<br>auf Abruf muss der Abruf mindesten zwei Wochen vor dem gew\u00fcnschten Auslieferungstermin erfolgen.<\/p>\n\n\n\n<p>4. H\u00f6here Gewalt, Betriebsst\u00f6rungen, Streiks oder andere von uns nicht zu vertretende Hindernisse bei uns oder unseren<br>Lieferanten befreien f\u00fcr die Dauer der St\u00f6rung und deren Auswirkungen von der Verpflichtung zur Lieferung.<\/p>\n\n\n\n<p>5. Der Versand erfolgt nach unserem Ermessen. Die Lieferungen erfolgen ab Werk oder ab Auslieferungslager.<\/p>\n\n\n\n<p>6. Die Gefahr geht auf den Kunden \u00fcber, sobald wir die Ware zum Transportunternehmen \u00fcbergeben haben.<\/p>\n\n\n\n<p>7. Die Preise verstehen sich ausschlie\u00dflich Verpackung und zuz\u00fcglich Umsatzsteuer. Wir behaltenuns vor, bis zum Zeitpunkt<br>der Lieferung eintretende Preis\u00e4nderungen in Legierungsmetallen entsprechend zu ber\u00fccksichtigen.<br>Silberteuerungszuschl\u00e4ge (AG-TZ) richten sich nach dem jeweiligen Feinsilberkurs, zu dem wir eingekauft haben. Sollten wir<br>in der Zeit zwischen Vertragsabschluss und Lieferung unsere Preise allgemein anheben oder erm\u00e4\u00dfigen, so gilt der am<br>Liefertag g\u00fcltiger Preis.<\/p>\n\n\n\n<p>8. Unsere Rechnungen sind innerhalb 10 Tagen nach Rechnungsdatum mit 2% Skonto oder innerhalb 30 Tagen nach<br>Rechnungsdatum netto zahlbar. Zahlungen gelten nur in dem Umfang als geleistet, wie wir bei der Bank dar\u00fcber frei<br>verf\u00fcgen k\u00f6nnen. Schecks und Wechsel nehmen wir nur zahlungshalber an. Diskont und Spesen gehen zu Lasten des<br>Kunden.Bei versp\u00e4teter Zahlung berechnen wir ohne Mahnung F\u00e4lligkeitszinsen in H\u00f6he von 5 % \u00fcber dem<br>Bundesbankdiskontsatz. Stellt der Kunde seine Zahlung ein oder wird die Er\u00f6ffnung des Konkurs- oder Vergleichsverfahrens<br>\u00fcber sein Verm\u00f6gen beantragt, so sind wir berechtigt, Vorauszahlungen oder Sicherheitsleistung zu verlangen. Gegen<br>unsere Forderungen darf der Kunde nur mit unbestrittenen oder rechtskr\u00e4ftig festgestellten Gegenanspr\u00fcche aufrechnen.<br>Er ist insbesondere nicht berechtigt, bei Beanstandungen der Ware die Zahlung f\u00e4lliger Rechnungsbetr\u00e4ge zur\u00fcckzuhalten<br>oder zu k\u00fcrzen.<\/p>\n\n\n\n<p>9. Wir behalten uns das Eigentum an den von uns gelieferten Waren vor, bis der Kunde s\u00e4mtliche Forderungen aus der<br>Gesch\u00e4ftsverbindung mit uns beglichen hat. Bei Verarbeitung unserer Ware mit anderen Materialien erwerben wir<br>Miteigentum an der neuen Ware im Verh\u00e4ltnis des Rechnungswertes unserer Ware zu dem der anderen Materialien.<br>Der Kunde ist berechtigt, \u00fcber die Vorbehaltsware im ordentlichen Gesch\u00e4ftsgang zu verf\u00fcgen, solange er seinen<br>Verpflichtungen uns gegen\u00fcber rechtzeitig nachkommt. Die Vorbehaltsware darf nicht verpf\u00e4ndet oder als Sicherheit<br>\u00fcbereignet werden. Der Kunde tritt seine Forderungen aus der Weiter\u00e4u\u00dferung der Vorbehaltsware im Umfang unseres<br>Eigentumsanteils im Voraus sicherheitshalber an uns ab. Bei Zahlungsverzug oder begr\u00fcndeten Zweifeln an der<br>Zahlungsf\u00e4higkeit des Kunden k\u00f6nnen wir verlangen, dass der Kunde uns die Vorbehaltsware herausgibt, bzw. die<br>Forderungsabtretungen seinen Abnehmern mitteilt und uns alle Informationen und Unterlagen hier\u00fcber zur Verf\u00fcgung stellt.<br>In der Aus\u00fcbung unserer Vorbehaltsrechte liegt kein R\u00fccktritt vom Vertrag.<\/p>\n\n\n\n<p>10. M\u00e4ngel der gelieferten Ware sowie Mengenabweichungen oder Falschlieferungen sich und sp\u00e4testens acht Tage nach<br>Erhalt der Ware, bei verborgenen M\u00e4ngel unverz\u00fcglich nach Entdecken schriftlich anzuzeigen. Wird diese Frist<br>\u00fcberschritten oder wird die gelieferte Ware unsachgem\u00e4\u00df behandelt oder verarbeitet, so erl\u00f6schen alle M\u00e4ngelanspr\u00fcche.<br>Das R\u00fcgerecht erlischt in jedem Fall sechs Monate nach Erhalt der Ware. Bei berechtigten Beanstandungen werden wir<br>Fehlmengen nachliefern bzw. nach unserer Wahl zur\u00fccknehmen, umtauschen oder dem Kunden einen angemessenen<br>Preisnachlass gew\u00e4hren. Sollte eine Ersatzlieferung ebenfalls M\u00e4ngel aufweisen, kann der Kunde die Ware zur\u00fcckgeben<br>oder eine Preisminderung verlangen.<\/p>\n\n\n\n<p>11. Schadensersatzanspr\u00fcche gegen uns entstehen nur, wenn ein Schaden durch uns vors\u00e4tzlich oder grob fahrl\u00e4ssig<br>verursacht worden ist. Unsere Haftung ist auf den als Folge dieses Fehlers vorhersehbaren Schaden begrenzt.<br>Im \u00dcbrigen sind Schadensersatzanspr\u00fcche ausgeschlossen.<\/p>\n\n\n\n<p>12. Erf\u00fcllungsort f\u00fcr Lieferung und Zahlung ist Blindheim. Gerichtsstand ist Augsburg. Es gilt deutsches Recht.<\/p>\n","protected":false},"excerpt":{"rendered":"<p>Allgemeine Vertragsbedingungen Die nachstehenden Bedingungen gelten f\u00fcr alle Verk\u00e4ufe und Lieferungen, soweit nicht schriftlich etwas anderesvereinbart wird. Gesch\u00e4ftsbedingungen des Kunden [&hellip;]<\/p>\n","protected":false},"author":1,"featured_media":0,"parent":0,"menu_order":0,"comment_status":"closed","ping_status":"closed","template":"","meta":{"_uag_custom_page_level_css":"","site-sidebar-layout":"default","site-content-layout":"","ast-site-content-layout":"default","site-content-style":"default","site-sidebar-style":"default","ast-global-header-display":"","ast-banner-title-visibility":"","ast-main-header-display":"","ast-hfb-above-header-display":"","ast-hfb-below-header-display":"","ast-hfb-mobile-header-display":"","site-post-title":"","ast-breadcrumbs-content":"","ast-featured-img":"","footer-sml-layout":"","theme-transparent-header-meta":"","adv-header-id-meta":"","stick-header-meta":"","header-above-stick-meta":"","header-main-stick-meta":"","header-below-stick-meta":"","astra-migrate-meta-layouts":"set","ast-page-background-enabled":"default","ast-page-background-meta":{"desktop":{"background-color":"var(--ast-global-color-4)","background-image":"","background-repeat":"repeat","background-position":"center center","background-size":"auto","background-attachment":"scroll","background-type":"","background-media":"","overlay-type":"","overlay-color":"","overlay-opacity":"","overlay-gradient":""},"tablet":{"background-color":"","background-image":"","background-repeat":"repeat","background-position":"center center","background-size":"auto","background-attachment":"scroll","background-type":"","background-media":"","overlay-type":"","overlay-color":"","overlay-opacity":"","overlay-gradient":""},"mobile":{"background-color":"","background-image":"","background-repeat":"repeat","background-position":"center center","background-size":"auto","background-attachment":"scroll","background-type":"","background-media":"","overlay-type":"","overlay-color":"","overlay-opacity":"","overlay-gradient":""}},"ast-content-background-meta":{"desktop":{"background-color":"var(--ast-global-color-5)","background-image":"","background-repeat":"repeat","background-position":"center center","background-size":"auto","background-attachment":"scroll","background-type":"","background-media":"","overlay-type":"","overlay-color":"","overlay-opacity":"","overlay-gradient":""},"tablet":{"background-color":"var(--ast-global-color-5)","background-image":"","background-repeat":"repeat","background-position":"center center","background-size":"auto","background-attachment":"scroll","background-type":"","background-media":"","overlay-type":"","overlay-color":"","overlay-opacity":"","overlay-gradient":""},"mobile":{"background-color":"var(--ast-global-color-5)","background-image":"","background-repeat":"repeat","background-position":"center center","background-size":"auto","background-attachment":"scroll","background-type":"","background-media":"","overlay-type":"","overlay-color":"","overlay-opacity":"","overlay-gradient":""}},"footnotes":""},"class_list":["post-2100","page","type-page","status-publish","hentry"],"uagb_featured_image_src":{"full":false,"thumbnail":false,"medium":false,"medium_large":false,"large":false,"1536x1536":false,"2048x2048":false},"uagb_author_info":{"display_name":"admin","author_link":"https:\/\/rn-schweisstechnik.de\/?author=1"},"uagb_comment_info":0,"uagb_excerpt":"Allgemeine Vertragsbedingungen Die nachstehenden Bedingungen gelten f\u00fcr alle Verk\u00e4ufe und Lieferungen, soweit nicht schriftlich etwas anderesvereinbart wird. Gesch\u00e4ftsbedingungen des Kunden [&hellip;]","_links":{"self":[{"href":"https:\/\/rn-schweisstechnik.de\/index.php?rest_route=\/wp\/v2\/pages\/2100","targetHints":{"allow":["GET"]}}],"collection":[{"href":"https:\/\/rn-schweisstechnik.de\/index.php?rest_route=\/wp\/v2\/pages"}],"about":[{"href":"https:\/\/rn-schweisstechnik.de\/index.php?rest_route=\/wp\/v2\/types\/page"}],"author":[{"embeddable":true,"href":"https:\/\/rn-schweisstechnik.de\/index.php?rest_route=\/wp\/v2\/users\/1"}],"replies":[{"embeddable":true,"href":"https:\/\/rn-schweisstechnik.de\/index.php?rest_route=%2Fwp%2Fv2%2Fcomments&post=2100"}],"version-history":[{"count":1,"href":"https:\/\/rn-schweisstechnik.de\/index.php?rest_route=\/wp\/v2\/pages\/2100\/revisions"}],"predecessor-version":[{"id":2101,"href":"https:\/\/rn-schweisstechnik.de\/index.php?rest_route=\/wp\/v2\/pages\/2100\/revisions\/2101"}],"wp:attachment":[{"href":"https:\/\/rn-schweisstechnik.de\/index.php?rest_route=%2Fwp%2Fv2%2Fmedia&parent=2100"}],"curies":[{"name":"wp","href":"https:\/\/api.w.org\/{rel}","templated":true}]}}