{"id":2260,"date":"2026-01-26T15:09:58","date_gmt":"2026-01-26T15:09:58","guid":{"rendered":"https:\/\/rn-schweisstechnik.de\/?page_id=2260"},"modified":"2026-01-26T15:47:14","modified_gmt":"2026-01-26T15:47:14","slug":"wir-suchen-2","status":"publish","type":"page","link":"https:\/\/rn-schweisstechnik.de\/?page_id=2260","title":{"rendered":"wir suchen"},"content":{"rendered":"\n<div class=\"wp-block-uagb-container uagb-layout-flex uagb-block-7bfd5c43 alignfull uagb-is-root-container\"><div class=\"uagb-container-inner-blocks-wrap\">\n<div class=\"wp-block-uagb-advanced-heading uagb-block-4ab1f950\"><h1 class=\"uagb-heading-text\">Werde teil unserers teams<\/h1><\/div>\n<\/div><\/div>\n\n\n\n<div class=\"wp-block-uagb-container uagb-block-f1e884c2 alignfull uagb-is-root-container\"><div class=\"uagb-container-inner-blocks-wrap\">\n<div class=\"wp-block-uagb-container uagb-block-5e502ba7\"><\/div>\n\n\n\n<div class=\"wp-block-group is-layout-constrained wp-block-group-is-layout-constrained\">\n<div class=\"wp-block-group is-layout-constrained wp-block-group-is-layout-constrained\">\n<h3><strong>Au\u00dfendienstmitarbeiter \/ Kundenberater Schwei\u00dftechnik (m\/w\/d)<\/strong><\/h3>\n<p>Die <strong>R&amp;N Schwei\u00dftechnik GmbH<\/strong> ist seit \u00fcber 30 Jahren ein erfolgreiches, inhabergef\u00fchrtes Unternehmen in der Schwei\u00dftechnik. Wir bieten unseren Kunden ma\u00dfgeschneiderte L\u00f6sungen f\u00fcr industrielle Anforderungen und \u00fcberzeugen durch eine breite, hochwertige Produktpalette.<\/p>\n<p>Sie sind motiviert, kundenorientiert und haben bereits erste Erfahrungen im Au\u00dfendienst oder in der Kundenberatung gesammelt? Dann sind Sie bei uns genau richtig!<\/p>\n<hr \/>\n<p><strong>Ihre Aufgaben<\/strong><\/p>\n<ul>\n<li>Akquise von Neukunden<\/li>\n<li>Beratung und Betreuung von Bestandskunden in den Bereichen <strong>Schwei\u00dftechnik, PSA und Schleiftechnik<\/strong><\/li>\n<li>Unterst\u00fctzung bei technischen L\u00f6sungen im Innen- und Au\u00dfendienst<\/li>\n<li>Praktische Produktvorf\u00fchrungen direkt beim Kunden<\/li>\n<li>Repr\u00e4sentation unseres Unternehmens vor Ort<\/li>\n<li>Vertriebsorientierte Arbeitsweise<\/li>\n<li>Regionale Reisebereitschaft<\/li>\n<\/ul>\n<p><strong>Ihr Profil<\/strong><\/p>\n<ul>\n<li>Abgeschlossene Berufsausbildung und Erfahrung im Kundenkontakt oder Vertrieb<\/li>\n<li>Selbstsicheres und \u00fcberzeugendes Auftreten<\/li>\n<li>Erfahrung in der <strong>Schwei\u00dftechnik \/ Metalltechnik<\/strong><\/li>\n<li>Teamf\u00e4higkeit sowie selbstst\u00e4ndige und strukturierte Arbeitsweise<\/li>\n<\/ul>\n<p><strong>Das bieten wir Ihnen<\/strong><\/p>\n<ul>\n<li>Vertrauensvolle Zusammenarbeit und wertsch\u00e4tzendes Miteinander<\/li>\n<li>Schnelle Entscheidungswege und <strong>flache Hierarchien<\/strong><\/li>\n<li>Eigenverantwortliches Arbeiten in einem famili\u00e4ren Umfeld<\/li>\n<\/ul>\n<hr \/>\n<p><strong>Ihre Benefits<\/strong><\/p>\n<ul>\n<li>Firmenwagen &amp; Firmenhandy<\/li>\n<li>13. Monatsgehalt <strong>oder<\/strong> erfolgsorientierte Pr\u00e4mie<\/li>\n<li>30 Tage Urlaub (bei Vollzeit)<\/li>\n<li>Flexible Arbeitszeiten<\/li>\n<li>Beteiligung an Fahrtkosten<\/li>\n<li>Gesundheitsf\u00f6rderung<\/li>\n<li>Hunde \ud83d\udc15 sind bei uns herzlich willkommen<\/li>\n<\/ul>\n<p><strong>Haben wir Ihr Interesse geweckt?<\/strong><br \/>Dann freuen wir uns auf Ihre Bewerbung!<\/p>\n<p>\ud83d\udcde Telefonisch erreichen Sie uns unter <strong>0172 \/ 6029936<\/strong><br \/>\ud83d\udce7 Oder per E-Mail an info@rn-schweisstechnik.de<\/p>\n<hr data-start=\"2049\" data-end=\"2052\" \/>\n<\/div>\n\n\n\n<div style=\"height:50px\" aria-hidden=\"true\" class=\"wp-block-spacer\"><\/div>\n<\/div>\n\n\n\n<h4 class=\"wp-block-heading\" style=\"border-style:none;border-width:0px\">Wir stellen uns vor&#8230;<\/h4>\n\n\n\n<figure class=\"wp-block-video\"><video controls poster=\"https:\/\/rn-schweisstechnik.de\/wp-content\/uploads\/2025\/12\/team_all.jpg\" preload=\"auto\" src=\"https:\/\/rn-schweisstechnik.de\/wp-content\/uploads\/2025\/12\/rn.mp4\"><\/video><\/figure>\n\n\n\n<div class=\"wp-block-uagb-separator uagb-block-9ea23df2\"><div class=\"uagb-separator-spacing-wrapper\"><div class=\"wp-block-uagb-separator__inner\" style=\"--my-background-image:\"><\/div><\/div><\/div>\n<\/div><\/div>\n\n\n\n<div style=\"height:0px\" aria-hidden=\"true\" class=\"wp-block-spacer\"><\/div>\n\n\n\n<div style=\"height:20px\" aria-hidden=\"true\" class=\"wp-block-spacer\"><\/div>\n\n\n\n<p><\/p>\n\n\n\n<div class=\"wp-block-uagb-container uagb-block-c2a4df81 alignfull uagb-is-root-container\"><div class=\"uagb-container-inner-blocks-wrap\">\n<div class=\"wp-block-uagb-info-box uagb-block-9bc2696c uagb-infobox__content-wrap  uagb-infobox-icon-above-title uagb-infobox-image-valign-top\"><div class=\"uagb-ifb-content\"><div class=\"uagb-ifb-title-wrap\"><h3 class=\"uagb-ifb-title\"><strong>Interesse geweckt?<\/strong><br>Dann freuen wir uns auf Ihre Nachricht!<\/h3><\/div><div class=\"uagb-ifb-button-wrapper wp-block-button\"><a href=\"https:\/\/rn-schweisstechnik.de\/?page_id=1686\" class=\"uagb-infobox-cta-link wp-block-button__link\" target=\"_self\" rel=\"noopener noreferrer\" onclick=\"return true;\"><span class=\"uagb-inline-editing\">Jetzt schreiben<\/span><\/a><\/div><\/div><\/div>\n<\/div><\/div>\n","protected":false},"excerpt":{"rendered":"<p>Werde teil unserers teams Au\u00dfendienstmitarbeiter \/ Kundenberater Schwei\u00dftechnik (m\/w\/d) Die R&amp;N Schwei\u00dftechnik GmbH ist seit \u00fcber 30 Jahren ein erfolgreiches, [&hellip;]<\/p>\n","protected":false},"author":1,"featured_media":0,"parent":0,"menu_order":0,"comment_status":"closed","ping_status":"closed","template":"","meta":{"_uag_custom_page_level_css":"","site-sidebar-layout":"default","site-content-layout":"page-builder","ast-site-content-layout":"full-width-container","site-content-style":"unboxed","site-sidebar-style":"unboxed","ast-global-header-display":"","ast-banner-title-visibility":"","ast-main-header-display":"","ast-hfb-above-header-display":"","ast-hfb-below-header-display":"","ast-hfb-mobile-header-display":"","site-post-title":"disabled","ast-breadcrumbs-content":"","ast-featured-img":"","footer-sml-layout":"","theme-transparent-header-meta":"enabled","adv-header-id-meta":"","stick-header-meta":"","header-above-stick-meta":"","header-main-stick-meta":"","header-below-stick-meta":"","astra-migrate-meta-layouts":"set","ast-page-background-enabled":"default","ast-page-background-meta":{"desktop":{"background-color":"var(--ast-global-color-4)","background-image":"","background-repeat":"repeat","background-position":"center center","background-size":"auto","background-attachment":"scroll","background-type":"","background-media":"","overlay-type":"","overlay-color":"","overlay-opacity":"","overlay-gradient":""},"tablet":{"background-color":"","background-image":"","background-repeat":"repeat","background-position":"center center","background-size":"auto","background-attachment":"scroll","background-type":"","background-media":"","overlay-type":"","overlay-color":"","overlay-opacity":"","overlay-gradient":""},"mobile":{"background-color":"","background-image":"","background-repeat":"repeat","background-position":"center center","background-size":"auto","background-attachment":"scroll","background-type":"","background-media":"","overlay-type":"","overlay-color":"","overlay-opacity":"","overlay-gradient":""}},"ast-content-background-meta":{"desktop":{"background-color":"var(--ast-global-color-5)","background-image":"","background-repeat":"repeat","background-position":"center center","background-size":"auto","background-attachment":"scroll","background-type":"","background-media":"","overlay-type":"","overlay-color":"","overlay-opacity":"","overlay-gradient":""},"tablet":{"background-color":"var(--ast-global-color-5)","background-image":"","background-repeat":"repeat","background-position":"center center","background-size":"auto","background-attachment":"scroll","background-type":"","background-media":"","overlay-type":"","overlay-color":"","overlay-opacity":"","overlay-gradient":""},"mobile":{"background-color":"var(--ast-global-color-5)","background-image":"","background-repeat":"repeat","background-position":"center center","background-size":"auto","background-attachment":"scroll","background-type":"","background-media":"","overlay-type":"","overlay-color":"","overlay-opacity":"","overlay-gradient":""}},"footnotes":""},"class_list":["post-2260","page","type-page","status-publish","hentry"],"uagb_featured_image_src":{"full":false,"thumbnail":false,"medium":false,"medium_large":false,"large":false,"1536x1536":false,"2048x2048":false},"uagb_author_info":{"display_name":"admin","author_link":"https:\/\/rn-schweisstechnik.de\/?author=1"},"uagb_comment_info":0,"uagb_excerpt":"Werde teil unserers teams Au\u00dfendienstmitarbeiter \/ Kundenberater Schwei\u00dftechnik (m\/w\/d) Die R&amp;N Schwei\u00dftechnik GmbH ist seit \u00fcber 30 Jahren ein erfolgreiches, [&hellip;]","_links":{"self":[{"href":"https:\/\/rn-schweisstechnik.de\/index.php?rest_route=\/wp\/v2\/pages\/2260","targetHints":{"allow":["GET"]}}],"collection":[{"href":"https:\/\/rn-schweisstechnik.de\/index.php?rest_route=\/wp\/v2\/pages"}],"about":[{"href":"https:\/\/rn-schweisstechnik.de\/index.php?rest_route=\/wp\/v2\/types\/page"}],"author":[{"embeddable":true,"href":"https:\/\/rn-schweisstechnik.de\/index.php?rest_route=\/wp\/v2\/users\/1"}],"replies":[{"embeddable":true,"href":"https:\/\/rn-schweisstechnik.de\/index.php?rest_route=%2Fwp%2Fv2%2Fcomments&post=2260"}],"version-history":[{"count":7,"href":"https:\/\/rn-schweisstechnik.de\/index.php?rest_route=\/wp\/v2\/pages\/2260\/revisions"}],"predecessor-version":[{"id":2272,"href":"https:\/\/rn-schweisstechnik.de\/index.php?rest_route=\/wp\/v2\/pages\/2260\/revisions\/2272"}],"wp:attachment":[{"href":"https:\/\/rn-schweisstechnik.de\/index.php?rest_route=%2Fwp%2Fv2%2Fmedia&parent=2260"}],"curies":[{"name":"wp","href":"https:\/\/api.w.org\/{rel}","templated":true}]}}